{"id":225,"date":"2025-06-13T12:03:18","date_gmt":"2025-06-13T10:03:18","guid":{"rendered":"http:\/\/lesbellesargonnaises.com\/?page_id=225"},"modified":"2025-07-28T11:43:12","modified_gmt":"2025-07-28T09:43:12","slug":"nos-chambres","status":"publish","type":"page","link":"https:\/\/lesbellesargonnaises.com\/index.php\/nos-chambres\/","title":{"rendered":"Nos chambres"},"content":{"rendered":"\n\n\n\n\n\n\n\n\n\n","protected":false},"excerpt":{"rendered":"","protected":false},"author":1,"featured_media":0,"parent":0,"menu_order":0,"comment_status":"closed","ping_status":"closed","template":"full-width","meta":{"saved_in_kubio":true,"_monsterinsights_skip_tracking":false,"_monsterinsights_sitenote_active":false,"_monsterinsights_sitenote_note":"","_monsterinsights_sitenote_category":0,"footnotes":""},"class_list":["post-225","page","type-page","status-publish","hentry"],"kubio_ai_page_context":{"short_desc":"","purpose":"general"},"yoast_head":"<!-- This site is optimized with the Yoast SEO plugin v26.9 - https:\/\/yoast.com\/product\/yoast-seo-wordpress\/ -->\n<title>Nos chambres - Les Belles Argonnaises<\/title>\n<meta name=\"description\" content=\"5 chambres d\u2019h\u00f4tes \u00e0 Sainte-Menehould : doubles, familiales, PMR, lits jumeaux. Toutes avec salle de bain, WC priv\u00e9s et salle petit d\u00e9jeuner.\" \/>\n<meta name=\"robots\" content=\"index, follow, max-snippet:-1, max-image-preview:large, max-video-preview:-1\" \/>\n<link rel=\"canonical\" href=\"https:\/\/lesbellesargonnaises.com\/index.php\/nos-chambres\/\" \/>\n<meta property=\"og:locale\" content=\"fr_FR\" \/>\n<meta property=\"og:type\" content=\"article\" \/>\n<meta property=\"og:title\" content=\"Nos chambres - Les Belles Argonnaises\" \/>\n<meta property=\"og:description\" content=\"5 chambres d\u2019h\u00f4tes \u00e0 Sainte-Menehould : doubles, familiales, PMR, lits jumeaux. Toutes avec salle de bain, WC priv\u00e9s et salle petit d\u00e9jeuner.\" \/>\n<meta property=\"og:url\" content=\"https:\/\/lesbellesargonnaises.com\/index.php\/nos-chambres\/\" \/>\n<meta property=\"og:site_name\" content=\"Les Belles Argonnaises\" \/>\n<meta property=\"article:modified_time\" content=\"2025-07-28T09:43:12+00:00\" \/>\n<meta name=\"twitter:card\" content=\"summary_large_image\" \/>\n<script type=\"application\/ld+json\" class=\"yoast-schema-graph\">{\"@context\":\"https:\/\/schema.org\",\"@graph\":[{\"@type\":\"WebPage\",\"@id\":\"https:\/\/lesbellesargonnaises.com\/index.php\/nos-chambres\/\",\"url\":\"https:\/\/lesbellesargonnaises.com\/index.php\/nos-chambres\/\",\"name\":\"Nos chambres - Les Belles Argonnaises\",\"isPartOf\":{\"@id\":\"https:\/\/lesbellesargonnaises.com\/#website\"},\"datePublished\":\"2025-06-13T10:03:18+00:00\",\"dateModified\":\"2025-07-28T09:43:12+00:00\",\"description\":\"5 chambres d\u2019h\u00f4tes \u00e0 Sainte-Menehould : doubles, familiales, PMR, lits jumeaux. Toutes avec salle de bain, WC priv\u00e9s et salle petit d\u00e9jeuner.\",\"breadcrumb\":{\"@id\":\"https:\/\/lesbellesargonnaises.com\/index.php\/nos-chambres\/#breadcrumb\"},\"inLanguage\":\"fr-FR\",\"potentialAction\":[{\"@type\":\"ReadAction\",\"target\":[\"https:\/\/lesbellesargonnaises.com\/index.php\/nos-chambres\/\"]}]},{\"@type\":\"BreadcrumbList\",\"@id\":\"https:\/\/lesbellesargonnaises.com\/index.php\/nos-chambres\/#breadcrumb\",\"itemListElement\":[{\"@type\":\"ListItem\",\"position\":1,\"name\":\"Accueil\",\"item\":\"https:\/\/lesbellesargonnaises.com\/\"},{\"@type\":\"ListItem\",\"position\":2,\"name\":\"Nos chambres\"}]},{\"@type\":\"WebSite\",\"@id\":\"https:\/\/lesbellesargonnaises.com\/#website\",\"url\":\"https:\/\/lesbellesargonnaises.com\/\",\"name\":\"Les Belles Argonnaises\",\"description\":\"Chambres d&#039;h\u00f4tes d&#039;exception en Argonne\",\"potentialAction\":[{\"@type\":\"SearchAction\",\"target\":{\"@type\":\"EntryPoint\",\"urlTemplate\":\"https:\/\/lesbellesargonnaises.com\/?s={search_term_string}\"},\"query-input\":{\"@type\":\"PropertyValueSpecification\",\"valueRequired\":true,\"valueName\":\"search_term_string\"}}],\"inLanguage\":\"fr-FR\"}]}<\/script>\n<!-- \/ Yoast SEO plugin. -->","yoast_head_json":{"title":"Nos chambres - Les Belles Argonnaises","description":"5 chambres d\u2019h\u00f4tes \u00e0 Sainte-Menehould : doubles, familiales, PMR, lits jumeaux. Toutes avec salle de bain, WC priv\u00e9s et salle petit d\u00e9jeuner.","robots":{"index":"index","follow":"follow","max-snippet":"max-snippet:-1","max-image-preview":"max-image-preview:large","max-video-preview":"max-video-preview:-1"},"canonical":"https:\/\/lesbellesargonnaises.com\/index.php\/nos-chambres\/","og_locale":"fr_FR","og_type":"article","og_title":"Nos chambres - Les Belles Argonnaises","og_description":"5 chambres d\u2019h\u00f4tes \u00e0 Sainte-Menehould : doubles, familiales, PMR, lits jumeaux. Toutes avec salle de bain, WC priv\u00e9s et salle petit d\u00e9jeuner.","og_url":"https:\/\/lesbellesargonnaises.com\/index.php\/nos-chambres\/","og_site_name":"Les Belles Argonnaises","article_modified_time":"2025-07-28T09:43:12+00:00","twitter_card":"summary_large_image","schema":{"@context":"https:\/\/schema.org","@graph":[{"@type":"WebPage","@id":"https:\/\/lesbellesargonnaises.com\/index.php\/nos-chambres\/","url":"https:\/\/lesbellesargonnaises.com\/index.php\/nos-chambres\/","name":"Nos chambres - Les Belles Argonnaises","isPartOf":{"@id":"https:\/\/lesbellesargonnaises.com\/#website"},"datePublished":"2025-06-13T10:03:18+00:00","dateModified":"2025-07-28T09:43:12+00:00","description":"5 chambres d\u2019h\u00f4tes \u00e0 Sainte-Menehould : doubles, familiales, PMR, lits jumeaux. Toutes avec salle de bain, WC priv\u00e9s et salle petit d\u00e9jeuner.","breadcrumb":{"@id":"https:\/\/lesbellesargonnaises.com\/index.php\/nos-chambres\/#breadcrumb"},"inLanguage":"fr-FR","potentialAction":[{"@type":"ReadAction","target":["https:\/\/lesbellesargonnaises.com\/index.php\/nos-chambres\/"]}]},{"@type":"BreadcrumbList","@id":"https:\/\/lesbellesargonnaises.com\/index.php\/nos-chambres\/#breadcrumb","itemListElement":[{"@type":"ListItem","position":1,"name":"Accueil","item":"https:\/\/lesbellesargonnaises.com\/"},{"@type":"ListItem","position":2,"name":"Nos chambres"}]},{"@type":"WebSite","@id":"https:\/\/lesbellesargonnaises.com\/#website","url":"https:\/\/lesbellesargonnaises.com\/","name":"Les Belles Argonnaises","description":"Chambres d&#039;h\u00f4tes d&#039;exception en Argonne","potentialAction":[{"@type":"SearchAction","target":{"@type":"EntryPoint","urlTemplate":"https:\/\/lesbellesargonnaises.com\/?s={search_term_string}"},"query-input":{"@type":"PropertyValueSpecification","valueRequired":true,"valueName":"search_term_string"}}],"inLanguage":"fr-FR"}]}},"_links":{"self":[{"href":"https:\/\/lesbellesargonnaises.com\/index.php\/wp-json\/wp\/v2\/pages\/225","targetHints":{"allow":["GET"]}}],"collection":[{"href":"https:\/\/lesbellesargonnaises.com\/index.php\/wp-json\/wp\/v2\/pages"}],"about":[{"href":"https:\/\/lesbellesargonnaises.com\/index.php\/wp-json\/wp\/v2\/types\/page"}],"author":[{"embeddable":true,"href":"https:\/\/lesbellesargonnaises.com\/index.php\/wp-json\/wp\/v2\/users\/1"}],"replies":[{"embeddable":true,"href":"https:\/\/lesbellesargonnaises.com\/index.php\/wp-json\/wp\/v2\/comments?post=225"}],"version-history":[{"count":27,"href":"https:\/\/lesbellesargonnaises.com\/index.php\/wp-json\/wp\/v2\/pages\/225\/revisions"}],"predecessor-version":[{"id":583,"href":"https:\/\/lesbellesargonnaises.com\/index.php\/wp-json\/wp\/v2\/pages\/225\/revisions\/583"}],"wp:attachment":[{"href":"https:\/\/lesbellesargonnaises.com\/index.php\/wp-json\/wp\/v2\/media?parent=225"}],"curies":[{"name":"wp","href":"https:\/\/api.w.org\/{rel}","templated":true}]}}